{"id":143327,"date":"2026-01-12T16:00:43","date_gmt":"2026-01-12T15:00:43","guid":{"rendered":"https:\/\/slogcustomwear.com\/proizvod\/proizvod-68\/"},"modified":"2026-01-25T12:44:40","modified_gmt":"2026-01-25T11:44:40","slug":"proizvod-68","status":"publish","type":"product","link":"https:\/\/slogcustomwear.com\/?product=proizvod-68","title":{"rendered":"Jacket Hi-Q 506"},"content":{"rendered":"<p>Flis, 100 % poliester, antipiling zavr\u0161na obrada Dodatni materijal: Rip Stop, 100 % poliamid, unutarnji PU premaz<\/p>\n<p>visoko izolacijska tkanina, ramena pokrivena sa vodootpornom i na trenje otpornom tkaninom, unutara\u0161nja strana ovratnika sa trakom u boji gornjeg materijala, plasti\u010dni patentni zatvara\u010d pune duljine, d\u017eepovi sa lijevanim patentnim zatvara\u010dem, donji rub sa elasti\u010dnom trakom, prilagodljivi rubovi rukava sa \u010di\u010dkom, antipiling zavr\u0161na obrada na vanjskoj strani, Proizvod je dostupan u dvije opcije: sa\/bez oznake robne marke u bo\u010dnom \u0161avu (vidi pregled boja). Opcija s oznakom marke samo do isteka zaliha.<\/p>\n","protected":false},"excerpt":{"rendered":"<p>Flis unisex<\/p>\n","protected":false},"featured_media":146622,"comment_status":"open","ping_status":"closed","template":"","meta":{"site-sidebar-layout":"default","site-content-layout":"","ast-site-content-layout":"default","site-content-style":"default","site-sidebar-style":"default","ast-global-header-display":"","ast-banner-title-visibility":"","ast-main-header-display":"","ast-hfb-above-header-display":"","ast-hfb-below-header-display":"","ast-hfb-mobile-header-display":"","site-post-title":"","ast-breadcrumbs-content":"","ast-featured-img":"","footer-sml-layout":"","ast-disable-related-posts":"","theme-transparent-header-meta":"","adv-header-id-meta":"","stick-header-meta":"","header-above-stick-meta":"","header-main-stick-meta":"","header-below-stick-meta":"","astra-migrate-meta-layouts":"default","ast-page-background-enabled":"default","ast-page-background-meta":{"desktop":{"background-color":"var(--ast-global-color-5)","background-image":"","background-repeat":"repeat","background-position":"center center","background-size":"auto","background-attachment":"scroll","background-type":"","background-media":"","overlay-type":"","overlay-color":"","overlay-opacity":"","overlay-gradient":""},"tablet":{"background-color":"","background-image":"","background-repeat":"repeat","background-position":"center center","background-size":"auto","background-attachment":"scroll","background-type":"","background-media":"","overlay-type":"","overlay-color":"","overlay-opacity":"","overlay-gradient":""},"mobile":{"background-color":"","background-image":"","background-repeat":"repeat","background-position":"center center","background-size":"auto","background-attachment":"scroll","background-type":"","background-media":"","overlay-type":"","overlay-color":"","overlay-opacity":"","overlay-gradient":""}},"ast-content-background-meta":{"desktop":{"background-color":"var(--ast-global-color-4)","background-image":"","background-repeat":"repeat","background-position":"center center","background-size":"auto","background-attachment":"scroll","background-type":"","background-media":"","overlay-type":"","overlay-color":"","overlay-opacity":"","overlay-gradient":""},"tablet":{"background-color":"var(--ast-global-color-4)","background-image":"","background-repeat":"repeat","background-position":"center center","background-size":"auto","background-attachment":"scroll","background-type":"","background-media":"","overlay-type":"","overlay-color":"","overlay-opacity":"","overlay-gradient":""},"mobile":{"background-color":"var(--ast-global-color-4)","background-image":"","background-repeat":"repeat","background-position":"center center","background-size":"auto","background-attachment":"scroll","background-type":"","background-media":"","overlay-type":"","overlay-color":"","overlay-opacity":"","overlay-gradient":""}}},"product_brand":[],"product_cat":[5126],"product_tag":[],"class_list":{"0":"post-143327","1":"product","2":"type-product","3":"status-publish","4":"has-post-thumbnail","6":"product_cat-flis-muski","7":"desktop-align-center","8":"tablet-align-left","9":"mobile-align-left","11":"first","12":"instock","13":"sale","14":"taxable","15":"shipping-taxable","16":"purchasable","17":"product-type-variable"},"jetpack_sharing_enabled":true,"_links":{"self":[{"href":"https:\/\/slogcustomwear.com\/index.php?rest_route=\/wp\/v2\/product\/143327","targetHints":{"allow":["GET"]}}],"collection":[{"href":"https:\/\/slogcustomwear.com\/index.php?rest_route=\/wp\/v2\/product"}],"about":[{"href":"https:\/\/slogcustomwear.com\/index.php?rest_route=\/wp\/v2\/types\/product"}],"replies":[{"embeddable":true,"href":"https:\/\/slogcustomwear.com\/index.php?rest_route=%2Fwp%2Fv2%2Fcomments&post=143327"}],"wp:featuredmedia":[{"embeddable":true,"href":"https:\/\/slogcustomwear.com\/index.php?rest_route=\/wp\/v2\/media\/146622"}],"wp:attachment":[{"href":"https:\/\/slogcustomwear.com\/index.php?rest_route=%2Fwp%2Fv2%2Fmedia&parent=143327"}],"wp:term":[{"taxonomy":"product_brand","embeddable":true,"href":"https:\/\/slogcustomwear.com\/index.php?rest_route=%2Fwp%2Fv2%2Fproduct_brand&post=143327"},{"taxonomy":"product_cat","embeddable":true,"href":"https:\/\/slogcustomwear.com\/index.php?rest_route=%2Fwp%2Fv2%2Fproduct_cat&post=143327"},{"taxonomy":"product_tag","embeddable":true,"href":"https:\/\/slogcustomwear.com\/index.php?rest_route=%2Fwp%2Fv2%2Fproduct_tag&post=143327"}],"curies":[{"name":"wp","href":"https:\/\/api.w.org\/{rel}","templated":true}]}}