{"id":143709,"date":"2026-01-12T16:54:22","date_gmt":"2026-01-12T15:54:22","guid":{"rendered":"https:\/\/slogcustomwear.com\/proizvod\/proizvod-94\/"},"modified":"2026-01-25T12:29:28","modified_gmt":"2026-01-25T11:29:28","slug":"proizvod-94","status":"publish","type":"product","link":"https:\/\/slogcustomwear.com\/?product=proizvod-94","title":{"rendered":"Exit 525"},"content":{"rendered":"<p>Flis, 100 % poliester, antipiling zavr\u0161na obrada<\/p>\n<p>izolacijska tkanina, unutara\u0161nja strana ovratnika sa trakom u boji gornjeg materijala, spiralni zatvara\u010d cijelom du\u017einom sa za\u0161titom za bradu, d\u017eepovi sa patentnim zatvara\u010dem, donji rub s vezicom za stezanje, ukrasni pro\u0161ivi, antipiling zavr\u0161na obrada na vanjskoj strani<\/p>\n","protected":false},"excerpt":{"rendered":"<p>Flis prsluk unisex<\/p>\n","protected":false},"featured_media":146928,"comment_status":"open","ping_status":"closed","template":"","meta":{"site-sidebar-layout":"default","site-content-layout":"","ast-site-content-layout":"default","site-content-style":"default","site-sidebar-style":"default","ast-global-header-display":"","ast-banner-title-visibility":"","ast-main-header-display":"","ast-hfb-above-header-display":"","ast-hfb-below-header-display":"","ast-hfb-mobile-header-display":"","site-post-title":"","ast-breadcrumbs-content":"","ast-featured-img":"","footer-sml-layout":"","ast-disable-related-posts":"","theme-transparent-header-meta":"","adv-header-id-meta":"","stick-header-meta":"","header-above-stick-meta":"","header-main-stick-meta":"","header-below-stick-meta":"","astra-migrate-meta-layouts":"default","ast-page-background-enabled":"default","ast-page-background-meta":{"desktop":{"background-color":"var(--ast-global-color-5)","background-image":"","background-repeat":"repeat","background-position":"center center","background-size":"auto","background-attachment":"scroll","background-type":"","background-media":"","overlay-type":"","overlay-color":"","overlay-opacity":"","overlay-gradient":""},"tablet":{"background-color":"","background-image":"","background-repeat":"repeat","background-position":"center center","background-size":"auto","background-attachment":"scroll","background-type":"","background-media":"","overlay-type":"","overlay-color":"","overlay-opacity":"","overlay-gradient":""},"mobile":{"background-color":"","background-image":"","background-repeat":"repeat","background-position":"center center","background-size":"auto","background-attachment":"scroll","background-type":"","background-media":"","overlay-type":"","overlay-color":"","overlay-opacity":"","overlay-gradient":""}},"ast-content-background-meta":{"desktop":{"background-color":"var(--ast-global-color-4)","background-image":"","background-repeat":"repeat","background-position":"center center","background-size":"auto","background-attachment":"scroll","background-type":"","background-media":"","overlay-type":"","overlay-color":"","overlay-opacity":"","overlay-gradient":""},"tablet":{"background-color":"var(--ast-global-color-4)","background-image":"","background-repeat":"repeat","background-position":"center center","background-size":"auto","background-attachment":"scroll","background-type":"","background-media":"","overlay-type":"","overlay-color":"","overlay-opacity":"","overlay-gradient":""},"mobile":{"background-color":"var(--ast-global-color-4)","background-image":"","background-repeat":"repeat","background-position":"center center","background-size":"auto","background-attachment":"scroll","background-type":"","background-media":"","overlay-type":"","overlay-color":"","overlay-opacity":"","overlay-gradient":""}}},"product_brand":[],"product_cat":[5126],"product_tag":[],"class_list":{"0":"post-143709","1":"product","2":"type-product","3":"status-publish","4":"has-post-thumbnail","6":"product_cat-flis-muski","7":"desktop-align-center","8":"tablet-align-left","9":"mobile-align-left","11":"first","12":"instock","13":"sale","14":"taxable","15":"shipping-taxable","16":"purchasable","17":"product-type-variable"},"jetpack_sharing_enabled":true,"_links":{"self":[{"href":"https:\/\/slogcustomwear.com\/index.php?rest_route=\/wp\/v2\/product\/143709","targetHints":{"allow":["GET"]}}],"collection":[{"href":"https:\/\/slogcustomwear.com\/index.php?rest_route=\/wp\/v2\/product"}],"about":[{"href":"https:\/\/slogcustomwear.com\/index.php?rest_route=\/wp\/v2\/types\/product"}],"replies":[{"embeddable":true,"href":"https:\/\/slogcustomwear.com\/index.php?rest_route=%2Fwp%2Fv2%2Fcomments&post=143709"}],"wp:featuredmedia":[{"embeddable":true,"href":"https:\/\/slogcustomwear.com\/index.php?rest_route=\/wp\/v2\/media\/146928"}],"wp:attachment":[{"href":"https:\/\/slogcustomwear.com\/index.php?rest_route=%2Fwp%2Fv2%2Fmedia&parent=143709"}],"wp:term":[{"taxonomy":"product_brand","embeddable":true,"href":"https:\/\/slogcustomwear.com\/index.php?rest_route=%2Fwp%2Fv2%2Fproduct_brand&post=143709"},{"taxonomy":"product_cat","embeddable":true,"href":"https:\/\/slogcustomwear.com\/index.php?rest_route=%2Fwp%2Fv2%2Fproduct_cat&post=143709"},{"taxonomy":"product_tag","embeddable":true,"href":"https:\/\/slogcustomwear.com\/index.php?rest_route=%2Fwp%2Fv2%2Fproduct_tag&post=143709"}],"curies":[{"name":"wp","href":"https:\/\/api.w.org\/{rel}","templated":true}]}}