{"id":144664,"date":"2026-01-12T19:20:53","date_gmt":"2026-01-12T18:20:53","guid":{"rendered":"https:\/\/slogcustomwear.com\/proizvod\/proizvod-166\/"},"modified":"2026-01-25T11:53:45","modified_gmt":"2026-01-25T10:53:45","slug":"proizvod-166","status":"publish","type":"product","link":"https:\/\/slogcustomwear.com\/?product=proizvod-166","title":{"rendered":"Viper Free F43"},"content":{"rendered":"<p>Single Jersey, 100 % pamuk, (boja 12 \u2013 sastav mo\u017ee varirati- 85 % pamuk, 15 % viskoza), silikonska obrada<\/p>\n<p>bez etikete &#8211; spremno za rebrandiranje, uski kroj s bo\u010dnim \u0161avovima, uzak porub ovratnika od rebraste pletenine 1:1 s 5 % elastana, neutralna etiketa sa veli\u010dinom na stra\u017enjem dijelu ovratnika, unutarnji dio ovratnika za\u0161ti\u0107en trakom od gornjeg materijala, \u0161avovi na ramenima oja\u010dani trakom, silikonska obrada<\/p>\n","protected":false},"excerpt":{"rendered":"<p>Majica kratkih rukava mu\u0161ka<\/p>\n","protected":false},"featured_media":147864,"comment_status":"open","ping_status":"closed","template":"","meta":{"site-sidebar-layout":"default","site-content-layout":"","ast-site-content-layout":"default","site-content-style":"default","site-sidebar-style":"default","ast-global-header-display":"","ast-banner-title-visibility":"","ast-main-header-display":"","ast-hfb-above-header-display":"","ast-hfb-below-header-display":"","ast-hfb-mobile-header-display":"","site-post-title":"","ast-breadcrumbs-content":"","ast-featured-img":"","footer-sml-layout":"","ast-disable-related-posts":"","theme-transparent-header-meta":"","adv-header-id-meta":"","stick-header-meta":"","header-above-stick-meta":"","header-main-stick-meta":"","header-below-stick-meta":"","astra-migrate-meta-layouts":"default","ast-page-background-enabled":"default","ast-page-background-meta":{"desktop":{"background-color":"var(--ast-global-color-5)","background-image":"","background-repeat":"repeat","background-position":"center center","background-size":"auto","background-attachment":"scroll","background-type":"","background-media":"","overlay-type":"","overlay-color":"","overlay-opacity":"","overlay-gradient":""},"tablet":{"background-color":"","background-image":"","background-repeat":"repeat","background-position":"center center","background-size":"auto","background-attachment":"scroll","background-type":"","background-media":"","overlay-type":"","overlay-color":"","overlay-opacity":"","overlay-gradient":""},"mobile":{"background-color":"","background-image":"","background-repeat":"repeat","background-position":"center center","background-size":"auto","background-attachment":"scroll","background-type":"","background-media":"","overlay-type":"","overlay-color":"","overlay-opacity":"","overlay-gradient":""}},"ast-content-background-meta":{"desktop":{"background-color":"var(--ast-global-color-4)","background-image":"","background-repeat":"repeat","background-position":"center center","background-size":"auto","background-attachment":"scroll","background-type":"","background-media":"","overlay-type":"","overlay-color":"","overlay-opacity":"","overlay-gradient":""},"tablet":{"background-color":"var(--ast-global-color-4)","background-image":"","background-repeat":"repeat","background-position":"center center","background-size":"auto","background-attachment":"scroll","background-type":"","background-media":"","overlay-type":"","overlay-color":"","overlay-opacity":"","overlay-gradient":""},"mobile":{"background-color":"var(--ast-global-color-4)","background-image":"","background-repeat":"repeat","background-position":"center center","background-size":"auto","background-attachment":"scroll","background-type":"","background-media":"","overlay-type":"","overlay-color":"","overlay-opacity":"","overlay-gradient":""}}},"product_brand":[],"product_cat":[5084],"product_tag":[5131],"class_list":{"0":"post-144664","1":"product","2":"type-product","3":"status-publish","4":"has-post-thumbnail","6":"product_cat-kratki-rukav-muski","7":"product_tag-muska-majica","8":"desktop-align-center","9":"tablet-align-left","10":"mobile-align-left","12":"first","13":"instock","14":"sale","15":"taxable","16":"shipping-taxable","17":"purchasable","18":"product-type-variable"},"jetpack_sharing_enabled":true,"_links":{"self":[{"href":"https:\/\/slogcustomwear.com\/index.php?rest_route=\/wp\/v2\/product\/144664","targetHints":{"allow":["GET"]}}],"collection":[{"href":"https:\/\/slogcustomwear.com\/index.php?rest_route=\/wp\/v2\/product"}],"about":[{"href":"https:\/\/slogcustomwear.com\/index.php?rest_route=\/wp\/v2\/types\/product"}],"replies":[{"embeddable":true,"href":"https:\/\/slogcustomwear.com\/index.php?rest_route=%2Fwp%2Fv2%2Fcomments&post=144664"}],"wp:featuredmedia":[{"embeddable":true,"href":"https:\/\/slogcustomwear.com\/index.php?rest_route=\/wp\/v2\/media\/147864"}],"wp:attachment":[{"href":"https:\/\/slogcustomwear.com\/index.php?rest_route=%2Fwp%2Fv2%2Fmedia&parent=144664"}],"wp:term":[{"taxonomy":"product_brand","embeddable":true,"href":"https:\/\/slogcustomwear.com\/index.php?rest_route=%2Fwp%2Fv2%2Fproduct_brand&post=144664"},{"taxonomy":"product_cat","embeddable":true,"href":"https:\/\/slogcustomwear.com\/index.php?rest_route=%2Fwp%2Fv2%2Fproduct_cat&post=144664"},{"taxonomy":"product_tag","embeddable":true,"href":"https:\/\/slogcustomwear.com\/index.php?rest_route=%2Fwp%2Fv2%2Fproduct_tag&post=144664"}],"curies":[{"name":"wp","href":"https:\/\/api.w.org\/{rel}","templated":true}]}}