{"id":145482,"date":"2026-01-12T21:18:26","date_gmt":"2026-01-12T20:18:26","guid":{"rendered":"https:\/\/slogcustomwear.com\/proizvod\/proizvod-225\/"},"modified":"2026-01-25T11:04:46","modified_gmt":"2026-01-25T10:04:46","slug":"proizvod-225","status":"publish","type":"product","link":"https:\/\/slogcustomwear.com\/?product=proizvod-225","title":{"rendered":"Woody W02"},"content":{"rendered":"<p>Keper, 100 % pamuk<\/p>\n<p>pojas sa elasti\u010dnim le\u0111ima, pri\u010dvr\u0161\u0107ivanje gumbima sa strane, podesivi dr\u017ea\u010di s kop\u010dom i elasti\u010dnim umetkom, 8 multifukcionalnih d\u017eepova, poja\u010dani materijal u podru\u010dju koljena i na stra\u017enjem dijelu, plasti\u010dni D-prsten i karabiner za klju\u010deve i kartice, remen za \u010deki\u0107, dvostruki \u0161av za ekstra izdr\u017eljivost, retroreflektivni elementi<\/p>\n","protected":false},"excerpt":{"rendered":"<p>Radne hla\u010de s naramenicama mu\u0161ke<\/p>\n","protected":false},"featured_media":148385,"comment_status":"open","ping_status":"closed","template":"","meta":{"site-sidebar-layout":"default","site-content-layout":"","ast-site-content-layout":"default","site-content-style":"default","site-sidebar-style":"default","ast-global-header-display":"","ast-banner-title-visibility":"","ast-main-header-display":"","ast-hfb-above-header-display":"","ast-hfb-below-header-display":"","ast-hfb-mobile-header-display":"","site-post-title":"","ast-breadcrumbs-content":"","ast-featured-img":"","footer-sml-layout":"","ast-disable-related-posts":"","theme-transparent-header-meta":"","adv-header-id-meta":"","stick-header-meta":"","header-above-stick-meta":"","header-main-stick-meta":"","header-below-stick-meta":"","astra-migrate-meta-layouts":"default","ast-page-background-enabled":"default","ast-page-background-meta":{"desktop":{"background-color":"var(--ast-global-color-5)","background-image":"","background-repeat":"repeat","background-position":"center center","background-size":"auto","background-attachment":"scroll","background-type":"","background-media":"","overlay-type":"","overlay-color":"","overlay-opacity":"","overlay-gradient":""},"tablet":{"background-color":"","background-image":"","background-repeat":"repeat","background-position":"center center","background-size":"auto","background-attachment":"scroll","background-type":"","background-media":"","overlay-type":"","overlay-color":"","overlay-opacity":"","overlay-gradient":""},"mobile":{"background-color":"","background-image":"","background-repeat":"repeat","background-position":"center center","background-size":"auto","background-attachment":"scroll","background-type":"","background-media":"","overlay-type":"","overlay-color":"","overlay-opacity":"","overlay-gradient":""}},"ast-content-background-meta":{"desktop":{"background-color":"var(--ast-global-color-4)","background-image":"","background-repeat":"repeat","background-position":"center center","background-size":"auto","background-attachment":"scroll","background-type":"","background-media":"","overlay-type":"","overlay-color":"","overlay-opacity":"","overlay-gradient":""},"tablet":{"background-color":"var(--ast-global-color-4)","background-image":"","background-repeat":"repeat","background-position":"center center","background-size":"auto","background-attachment":"scroll","background-type":"","background-media":"","overlay-type":"","overlay-color":"","overlay-opacity":"","overlay-gradient":""},"mobile":{"background-color":"var(--ast-global-color-4)","background-image":"","background-repeat":"repeat","background-position":"center center","background-size":"auto","background-attachment":"scroll","background-type":"","background-media":"","overlay-type":"","overlay-color":"","overlay-opacity":"","overlay-gradient":""}}},"product_brand":[],"product_cat":[5123],"product_tag":[5130],"class_list":{"0":"post-145482","1":"product","2":"type-product","3":"status-publish","4":"has-post-thumbnail","6":"product_cat-radne-hlace","7":"product_tag-radna-odjeca","8":"desktop-align-center","9":"tablet-align-left","10":"mobile-align-left","12":"first","13":"instock","14":"sale","15":"taxable","16":"shipping-taxable","17":"purchasable","18":"product-type-variable"},"jetpack_sharing_enabled":true,"_links":{"self":[{"href":"https:\/\/slogcustomwear.com\/index.php?rest_route=\/wp\/v2\/product\/145482","targetHints":{"allow":["GET"]}}],"collection":[{"href":"https:\/\/slogcustomwear.com\/index.php?rest_route=\/wp\/v2\/product"}],"about":[{"href":"https:\/\/slogcustomwear.com\/index.php?rest_route=\/wp\/v2\/types\/product"}],"replies":[{"embeddable":true,"href":"https:\/\/slogcustomwear.com\/index.php?rest_route=%2Fwp%2Fv2%2Fcomments&post=145482"}],"wp:featuredmedia":[{"embeddable":true,"href":"https:\/\/slogcustomwear.com\/index.php?rest_route=\/wp\/v2\/media\/148385"}],"wp:attachment":[{"href":"https:\/\/slogcustomwear.com\/index.php?rest_route=%2Fwp%2Fv2%2Fmedia&parent=145482"}],"wp:term":[{"taxonomy":"product_brand","embeddable":true,"href":"https:\/\/slogcustomwear.com\/index.php?rest_route=%2Fwp%2Fv2%2Fproduct_brand&post=145482"},{"taxonomy":"product_cat","embeddable":true,"href":"https:\/\/slogcustomwear.com\/index.php?rest_route=%2Fwp%2Fv2%2Fproduct_cat&post=145482"},{"taxonomy":"product_tag","embeddable":true,"href":"https:\/\/slogcustomwear.com\/index.php?rest_route=%2Fwp%2Fv2%2Fproduct_tag&post=145482"}],"curies":[{"name":"wp","href":"https:\/\/api.w.org\/{rel}","templated":true}]}}