{"id":35425,"date":"2026-01-08T19:39:06","date_gmt":"2026-01-08T18:39:06","guid":{"rendered":"https:\/\/slogcustomwear.com\/proizvod\/destiny-175\/"},"modified":"2026-01-24T09:49:02","modified_gmt":"2026-01-24T08:49:02","slug":"destiny-175","status":"publish","type":"product","link":"https:\/\/slogcustomwear.com\/?product=destiny-175","title":{"rendered":"Destiny 175"},"content":{"rendered":"<p>Single Jersey, 95 % micro poliester, 5 % elastan<\/p>\n<p>gladak rastezljivi brzosu\u0161e\u0107i materijal, idealan za sport i aktivnosti u pokretu, uski kroj formiran bo\u010dnim dijelovima, dekorativno pro\u0161iveni ravni \u0161avovi , uzak porub ovratnika od gornjeg materijala, unutarnji dio ovratnika za\u0161ti\u0107en kontrastnom trakom, kratki raglan rukavi, oblikovan i lagano produ\u017een stra\u017enji dio , etiketa u obliku naljepnice koja se mo\u017ee skinuti, pogodno za sublimacijski tisak (svijetle boje)<\/p>\n","protected":false},"excerpt":{"rendered":"<p>Majica kratkih rukava mu\u0161ka<\/p>\n","protected":false},"featured_media":145902,"comment_status":"open","ping_status":"closed","template":"","meta":{"site-sidebar-layout":"default","site-content-layout":"","ast-site-content-layout":"default","site-content-style":"default","site-sidebar-style":"default","ast-global-header-display":"","ast-banner-title-visibility":"","ast-main-header-display":"","ast-hfb-above-header-display":"","ast-hfb-below-header-display":"","ast-hfb-mobile-header-display":"","site-post-title":"","ast-breadcrumbs-content":"","ast-featured-img":"","footer-sml-layout":"","ast-disable-related-posts":"","theme-transparent-header-meta":"","adv-header-id-meta":"","stick-header-meta":"","header-above-stick-meta":"","header-main-stick-meta":"","header-below-stick-meta":"","astra-migrate-meta-layouts":"default","ast-page-background-enabled":"default","ast-page-background-meta":{"desktop":{"background-color":"var(--ast-global-color-5)","background-image":"","background-repeat":"repeat","background-position":"center center","background-size":"auto","background-attachment":"scroll","background-type":"","background-media":"","overlay-type":"","overlay-color":"","overlay-opacity":"","overlay-gradient":""},"tablet":{"background-color":"","background-image":"","background-repeat":"repeat","background-position":"center center","background-size":"auto","background-attachment":"scroll","background-type":"","background-media":"","overlay-type":"","overlay-color":"","overlay-opacity":"","overlay-gradient":""},"mobile":{"background-color":"","background-image":"","background-repeat":"repeat","background-position":"center center","background-size":"auto","background-attachment":"scroll","background-type":"","background-media":"","overlay-type":"","overlay-color":"","overlay-opacity":"","overlay-gradient":""}},"ast-content-background-meta":{"desktop":{"background-color":"var(--ast-global-color-4)","background-image":"","background-repeat":"repeat","background-position":"center center","background-size":"auto","background-attachment":"scroll","background-type":"","background-media":"","overlay-type":"","overlay-color":"","overlay-opacity":"","overlay-gradient":""},"tablet":{"background-color":"var(--ast-global-color-4)","background-image":"","background-repeat":"repeat","background-position":"center center","background-size":"auto","background-attachment":"scroll","background-type":"","background-media":"","overlay-type":"","overlay-color":"","overlay-opacity":"","overlay-gradient":""},"mobile":{"background-color":"var(--ast-global-color-4)","background-image":"","background-repeat":"repeat","background-position":"center center","background-size":"auto","background-attachment":"scroll","background-type":"","background-media":"","overlay-type":"","overlay-color":"","overlay-opacity":"","overlay-gradient":""}}},"product_brand":[],"product_cat":[5084],"product_tag":[],"class_list":{"0":"post-35425","1":"product","2":"type-product","3":"status-publish","4":"has-post-thumbnail","6":"product_cat-kratki-rukav-muski","7":"desktop-align-center","8":"tablet-align-left","9":"mobile-align-left","11":"first","12":"instock","13":"sale","14":"taxable","15":"shipping-taxable","16":"purchasable","17":"product-type-variable"},"jetpack_sharing_enabled":true,"_links":{"self":[{"href":"https:\/\/slogcustomwear.com\/index.php?rest_route=\/wp\/v2\/product\/35425","targetHints":{"allow":["GET"]}}],"collection":[{"href":"https:\/\/slogcustomwear.com\/index.php?rest_route=\/wp\/v2\/product"}],"about":[{"href":"https:\/\/slogcustomwear.com\/index.php?rest_route=\/wp\/v2\/types\/product"}],"replies":[{"embeddable":true,"href":"https:\/\/slogcustomwear.com\/index.php?rest_route=%2Fwp%2Fv2%2Fcomments&post=35425"}],"wp:featuredmedia":[{"embeddable":true,"href":"https:\/\/slogcustomwear.com\/index.php?rest_route=\/wp\/v2\/media\/145902"}],"wp:attachment":[{"href":"https:\/\/slogcustomwear.com\/index.php?rest_route=%2Fwp%2Fv2%2Fmedia&parent=35425"}],"wp:term":[{"taxonomy":"product_brand","embeddable":true,"href":"https:\/\/slogcustomwear.com\/index.php?rest_route=%2Fwp%2Fv2%2Fproduct_brand&post=35425"},{"taxonomy":"product_cat","embeddable":true,"href":"https:\/\/slogcustomwear.com\/index.php?rest_route=%2Fwp%2Fv2%2Fproduct_cat&post=35425"},{"taxonomy":"product_tag","embeddable":true,"href":"https:\/\/slogcustomwear.com\/index.php?rest_route=%2Fwp%2Fv2%2Fproduct_tag&post=35425"}],"curies":[{"name":"wp","href":"https:\/\/api.w.org\/{rel}","templated":true}]}}